{"id":192,"date":"2022-07-21T09:40:44","date_gmt":"2022-07-21T09:40:44","guid":{"rendered":"https:\/\/cetek.com.tr\/rifaydemo\/?page_id=192"},"modified":"2023-10-02T21:13:57","modified_gmt":"2023-10-02T21:13:57","slug":"career","status":"publish","type":"page","link":"https:\/\/selimhidrolik.com\/eng\/?page_id=192","title":{"rendered":"Kariyer"},"content":{"rendered":"<p>Selim Hidrolik Makine \u0130nsan Kaynaklar\u0131 politikas\u0131 ;<br \/>\n\u00dcretim ve m\u00fchendislik kapasitesini art\u0131rarak s\u00fcrd\u00fcren, ekibine de\u011fer veren, de\u011fi\u015fime a\u00e7\u0131k, kaynaklar\u0131n\u0131 verimli kullanan, \u00e7evreye, i\u015f sa\u011fl\u0131\u011f\u0131na ve g\u00fcvenli\u011fine duyarl\u0131, kalite standartlar\u0131na uyumlu, teknolojisini s\u00fcrekli geli\u015fti ren bir \u015firket olma amac\u0131ndad\u0131r.<\/p>\n<p>Selim Hidrolik Makine \u00e7al\u0131\u015fmalar\u0131n etkin ve verimli bir \u015fekilde y\u00fcr\u00fct\u00fclmesini sa\u011flayacak insan kayna\u011f\u0131n\u0131n planlanmas\u0131, se\u00e7ilmesi, i\u015fe al\u0131nmas\u0131, hizmet birimlerinde g\u00f6revlendirilmesi, geli\u015ftirilmesi, e\u011fitim ihtiya\u00e7lar\u0131n\u0131n belirlenerek kar\u015f\u0131lanmas\u0131na y\u00f6nelik planlamalar\u0131n yap\u0131lmas\u0131, uygulanmas\u0131, yetkinliklerin belirlenmesi, performans y\u00f6netimi, kariyer planlamas\u0131 \u00e7al\u0131\u015fmalar\u0131n\u0131n bilimsel metotlara uygun olarak ger\u00e7ekle\u015ftirilmesi \u0130nsan Kaynaklar\u0131 Politikam\u0131z\u0131n hedefidir.<\/p>\n<p><a href=\"https:\/\/selimhidrolik.com\/eng\/?page_id=380\">\u0130\u015f Ba\u015fvuru Formu<\/a><\/p>\n","protected":false},"excerpt":{"rendered":"<p>Selim Hidrolik Makine \u0130nsan Kaynaklar\u0131 politikas\u0131 ; \u00dcretim ve m\u00fchendislik kapasitesini art\u0131rarak s\u00fcrd\u00fcren, ekibine de\u011fer veren, de\u011fi\u015fime a\u00e7\u0131k, kaynaklar\u0131n\u0131 verimli kullanan, \u00e7evreye, i\u015f sa\u011fl\u0131\u011f\u0131na ve g\u00fcvenli\u011fine duyarl\u0131, kalite standartlar\u0131na uyumlu, teknolojisini s\u00fcrekli geli\u015fti ren bir \u015firket olma amac\u0131ndad\u0131r. Selim Hidrolik Makine \u00e7al\u0131\u015fmalar\u0131n etkin ve verimli bir \u015fekilde y\u00fcr\u00fct\u00fclmesini sa\u011flayacak insan kayna\u011f\u0131n\u0131n planlanmas\u0131, se\u00e7ilmesi, i\u015fe al\u0131nmas\u0131, &hellip; <\/p>\n<p class=\"link-more\"><a href=\"https:\/\/selimhidrolik.com\/eng\/?page_id=192\" class=\"more-link\">Continue reading<span class=\"screen-reader-text\"> &#8220;Kariyer&#8221;<\/span><\/a><\/p>\n","protected":false},"author":1,"featured_media":0,"parent":0,"menu_order":0,"comment_status":"closed","ping_status":"closed","template":"","meta":{"footnotes":""},"class_list":["post-192","page","type-page","status-publish","hentry"],"_links":{"self":[{"href":"https:\/\/selimhidrolik.com\/eng\/index.php?rest_route=\/wp\/v2\/pages\/192","targetHints":{"allow":["GET"]}}],"collection":[{"href":"https:\/\/selimhidrolik.com\/eng\/index.php?rest_route=\/wp\/v2\/pages"}],"about":[{"href":"https:\/\/selimhidrolik.com\/eng\/index.php?rest_route=\/wp\/v2\/types\/page"}],"author":[{"embeddable":true,"href":"https:\/\/selimhidrolik.com\/eng\/index.php?rest_route=\/wp\/v2\/users\/1"}],"replies":[{"embeddable":true,"href":"https:\/\/selimhidrolik.com\/eng\/index.php?rest_route=%2Fwp%2Fv2%2Fcomments&post=192"}],"version-history":[{"count":6,"href":"https:\/\/selimhidrolik.com\/eng\/index.php?rest_route=\/wp\/v2\/pages\/192\/revisions"}],"predecessor-version":[{"id":383,"href":"https:\/\/selimhidrolik.com\/eng\/index.php?rest_route=\/wp\/v2\/pages\/192\/revisions\/383"}],"wp:attachment":[{"href":"https:\/\/selimhidrolik.com\/eng\/index.php?rest_route=%2Fwp%2Fv2%2Fmedia&parent=192"}],"curies":[{"name":"wp","href":"https:\/\/api.w.org\/{rel}","templated":true}]}}