{"id":194,"date":"2022-07-21T09:52:53","date_gmt":"2022-07-21T09:52:53","guid":{"rendered":"https:\/\/cetek.com.tr\/rifaydemo\/?page_id=194"},"modified":"2025-04-15T11:36:24","modified_gmt":"2025-04-15T11:36:24","slug":"contact","status":"publish","type":"page","link":"https:\/\/selimhidrolik.com\/eng\/?page_id=194","title":{"rendered":"Contact Us"},"content":{"rendered":"<p><iframe src=\"https:\/\/www.google.com\/maps\/embed?pb=!1m18!1m12!1m3!1d2573.186621616061!2d28.799944411634826!3d41.08034343433698!2m3!1f0!2f0!3f0!3m2!1i1024!2i768!4f13.1!3m3!1m2!1s0x14caa508f1ff513b%3A0x67b6a95cce71a0c0!2sEsenler%20Sanayi%20Sitesi!5e0!3m2!1str!2str!4v1744714661347!5m2!1str!2str\" width=\"100%\"  height=\"450\" style=\"border:0;\" allowfullscreen=\"\" loading=\"lazy\" referrerpolicy=\"no-referrer-when-downgrade\"><\/iframe><\/p>\n<p>Selim Hidrolik Makine Sanayi<br \/>\n\u0130kitelli org san b\u00f6l Esenler san sit 20. Blok no 7<br \/>\n\u0130kitelli Ba\u015fak\u015fehir \/ \u0130stanbul\/ T\u00fcrkiye<\/p>\n<p>Tel : +90 212 671 55 92<br \/>\nFaks :+90 212 671 55 93<\/p>\n<p>info@selimhidrolik.com<\/p>\n","protected":false},"excerpt":{"rendered":"<p>Selim Hidrolik Makine Sanayi \u0130kitelli org san b\u00f6l Esenler san sit 20. Blok no 7 \u0130kitelli Ba\u015fak\u015fehir \/ \u0130stanbul\/ T\u00fcrkiye Tel : +90 212 671 55 92 Faks :+90 212 671 55 93 info@selimhidrolik.com<\/p>\n","protected":false},"author":1,"featured_media":0,"parent":0,"menu_order":0,"comment_status":"closed","ping_status":"closed","template":"","meta":{"footnotes":""},"class_list":["post-194","page","type-page","status-publish","hentry"],"_links":{"self":[{"href":"https:\/\/selimhidrolik.com\/eng\/index.php?rest_route=\/wp\/v2\/pages\/194","targetHints":{"allow":["GET"]}}],"collection":[{"href":"https:\/\/selimhidrolik.com\/eng\/index.php?rest_route=\/wp\/v2\/pages"}],"about":[{"href":"https:\/\/selimhidrolik.com\/eng\/index.php?rest_route=\/wp\/v2\/types\/page"}],"author":[{"embeddable":true,"href":"https:\/\/selimhidrolik.com\/eng\/index.php?rest_route=\/wp\/v2\/users\/1"}],"replies":[{"embeddable":true,"href":"https:\/\/selimhidrolik.com\/eng\/index.php?rest_route=%2Fwp%2Fv2%2Fcomments&post=194"}],"version-history":[{"count":14,"href":"https:\/\/selimhidrolik.com\/eng\/index.php?rest_route=\/wp\/v2\/pages\/194\/revisions"}],"predecessor-version":[{"id":435,"href":"https:\/\/selimhidrolik.com\/eng\/index.php?rest_route=\/wp\/v2\/pages\/194\/revisions\/435"}],"wp:attachment":[{"href":"https:\/\/selimhidrolik.com\/eng\/index.php?rest_route=%2Fwp%2Fv2%2Fmedia&parent=194"}],"curies":[{"name":"wp","href":"https:\/\/api.w.org\/{rel}","templated":true}]}}